{"id":5562,"date":"2025-09-09T14:32:57","date_gmt":"2025-09-09T14:32:57","guid":{"rendered":"https:\/\/sensihemp.pt\/?post_type=product&#038;p=5562"},"modified":"2025-09-09T15:06:46","modified_gmt":"2025-09-09T15:06:46","slug":"t-shirt-sensihemp-x-hortaslx-em-canhamo","status":"publish","type":"product","link":"https:\/\/sensihemp.pt\/pt\/produto\/t-shirt-sensihemp-x-hortaslx-em-canhamo\/","title":{"rendered":"T-shirt Sensihemp x HortasLx em C\u00e2nhamo"},"content":{"rendered":"<p data-start=\"312\" data-end=\"438\"><strong data-start=\"315\" data-end=\"348\">Isto n\u00e3o \u00e9 sobre uma t-shirt.<\/strong> \u00c9 sobre consumo. Sobre escolhas. Sobre o futuro da forma como decidimos o que vestimos.<\/p>\n<p data-start=\"440\" data-end=\"759\">A T-shirt <strong data-start=\"450\" data-end=\"474\">Sensihemp x HortasLx<\/strong> nasce da uni\u00e3o entre moda consciente e agricultura urbana. Produzida em Portugal, com <strong data-start=\"561\" data-end=\"599\">55% c\u00e2nhamo e 45% algod\u00e3o org\u00e2nico<\/strong>, este jersey natural de <strong data-start=\"624\" data-end=\"635\">175 grs<\/strong> n\u00e3o passa por processos de branqueamento nem tingimento, preservando a sua cor aut\u00eantica e o impacto reduzido no planeta.<\/p>\n<p data-start=\"761\" data-end=\"889\"><strong data-start=\"763\" data-end=\"792\">Planta o que vais vestir.<\/strong><br data-start=\"792\" data-end=\"795\" \/>Assim como cultivamos a terra com cuidado, tamb\u00e9m escolhemos o que vestimos com consci\u00eancia.<\/p>\n<h4 data-start=\"891\" data-end=\"926\"><strong data-start=\"896\" data-end=\"924\">Porqu\u00ea escolher c\u00e2nhamo?<\/strong><\/h4>\n<ul data-start=\"927\" data-end=\"1231\">\n<li data-start=\"927\" data-end=\"1025\">\n<p data-start=\"929\" data-end=\"1025\"><strong data-start=\"929\" data-end=\"950\">Sustentabilidade:<\/strong> O c\u00e2nhamo regenera os solos, consome pouca \u00e1gua e cresce sem pesticidas.<\/p>\n<\/li>\n<li data-start=\"1026\" data-end=\"1135\">\n<p data-start=\"1028\" data-end=\"1135\"><strong data-start=\"1028\" data-end=\"1049\">Conforto natural:<\/strong> Fresco no ver\u00e3o e quente no inverno, gra\u00e7as \u00e0s suas propriedades termorreguladoras.<\/p>\n<\/li>\n<li data-start=\"1136\" data-end=\"1231\">\n<p data-start=\"1138\" data-end=\"1231\"><strong data-start=\"1138\" data-end=\"1155\">Durabilidade:<\/strong> Uma fibra resistente, pensada para durar e reduzir o consumo descart\u00e1vel.<\/p>\n<\/li>\n<\/ul>\n<h4 data-start=\"1233\" data-end=\"1291\"><strong data-start=\"1238\" data-end=\"1289\">Impacto Positivo ao Vestir Sensihemp x HortasLx<\/strong><\/h4>\n<ul data-start=\"1292\" data-end=\"1549\">\n<li data-start=\"1292\" data-end=\"1376\">\n<p data-start=\"1294\" data-end=\"1376\">\u00a0<strong data-start=\"1297\" data-end=\"1323\">Produ\u00e7\u00e3o local e justa<\/strong> \u2013 feita em Portugal, apoiando a economia circular.<\/p>\n<\/li>\n<li data-start=\"1377\" data-end=\"1455\">\n<p data-start=\"1379\" data-end=\"1455\"><strong data-start=\"1382\" data-end=\"1403\">Design consciente<\/strong> \u2013 minimalista, intemporal e sem qu\u00edmicos nocivos.<\/p>\n<\/li>\n<li data-start=\"1456\" data-end=\"1549\">\n<p data-start=\"1458\" data-end=\"1549\"><strong data-start=\"1461\" data-end=\"1483\">Liga\u00e7\u00e3o \u00e0 natureza<\/strong> \u2013 cada pe\u00e7a \u00e9 um convite a repensar consumo e escolhas di\u00e1rias.<\/p>\n<\/li>\n<\/ul>\n<p data-start=\"1551\" data-end=\"1628\"><strong data-start=\"1551\" data-end=\"1626\">Cada t-shirt \u00e9 mais do que uma pe\u00e7a de roupa. \u00c9 uma semente de mudan\u00e7a.<\/strong><\/p>\n<p data-start=\"1630\" data-end=\"1708\"><strong data-start=\"1633\" data-end=\"1706\">Escolhe vestir futuro. Escolhe c\u00e2nhamo. Escolhe Sensihemp x HortasLx<\/strong><\/p>\n<p data-start=\"1630\" data-end=\"1708\"><strong data-start=\"1633\" data-end=\"1706\">Toma conta daquilo que vai tomar conta de ti !<\/strong><\/p>","protected":false},"excerpt":{"rendered":"<p data-start=\"683\" data-end=\"843\"><em data-start=\"683\" data-end=\"841\">T-shirt Sensihemp x HortasLx em c\u00e2nhamo e algod\u00e3o org\u00e2nico, feita em Portugal. <\/em><\/p>\n<p data-start=\"683\" data-end=\"843\"><em data-start=\"683\" data-end=\"841\">Natural, sem tingimentos, sustent\u00e1vel e consciente. <\/em><\/p>\n<p data-start=\"683\" data-end=\"843\"><em data-start=\"683\" data-end=\"841\">Planta o que vais vestir.<\/em><\/p>","protected":false},"featured_media":5568,"comment_status":"closed","ping_status":"closed","template":"","meta":[],"product_brand":[],"product_cat":[115,242],"product_tag":[263,259,257,255,262,264,261,258,256,260],"class_list":{"0":"post-5562","1":"product","2":"type-product","3":"status-publish","4":"has-post-thumbnail","6":"product_cat-clothes","7":"product_cat-t-shirts","8":"product_tag-moda-circular-canhamo","9":"product_tag-moda-sustentavel-portugal","10":"product_tag-roupa-ecologica-canhamo","11":"product_tag-t-shirt-canhamo","12":"product_tag-t-shirt-colaborativa-sensihemp-hortaslx","13":"product_tag-t-shirt-ecologica-canhamo-e-algodao","14":"product_tag-t-shirt-ecologica-feita-em-portugal","15":"product_tag-t-shirt-natural-sem-tingimento","16":"product_tag-t-shirt-sustentavel-portugal","17":"product_tag-t-shirt-unissexo-ecologica","18":"pa_size-m-l","19":"pa_size-xl-xxl","20":"pa_size-xs-s","22":"first","23":"instock","24":"taxable","25":"shipping-taxable","26":"purchasable","27":"product-type-variable"},"yoast_head":"<!-- This site is optimized with the Yoast SEO plugin v27.3 - https:\/\/yoast.com\/product\/yoast-seo-wordpress\/ -->\n<title>T-shirt Sensihemp x HortasLx em C\u00e2nhamo - Sensihemp<\/title>\n<meta name=\"robots\" content=\"index, follow, max-snippet:-1, max-image-preview:large, max-video-preview:-1\" \/>\n<link rel=\"canonical\" href=\"https:\/\/sensihemp.pt\/pt\/produto\/t-shirt-sensihemp-x-hortaslx-em-canhamo\/\" \/>\n<meta property=\"og:locale\" content=\"pt_PT\" \/>\n<meta property=\"og:type\" content=\"article\" \/>\n<meta property=\"og:title\" content=\"T-shirt Sensihemp x HortasLx em C\u00e2nhamo - Sensihemp\" \/>\n<meta property=\"og:description\" content=\"T-shirt Sensihemp x HortasLx em c\u00e2nhamo e algod\u00e3o org\u00e2nico, feita em Portugal.  Natural, sem tingimentos, sustent\u00e1vel e consciente.  Planta o que vais vestir.\" \/>\n<meta property=\"og:url\" content=\"https:\/\/sensihemp.pt\/pt\/produto\/t-shirt-sensihemp-x-hortaslx-em-canhamo\/\" \/>\n<meta property=\"og:site_name\" content=\"Sensihemp\" \/>\n<meta property=\"article:publisher\" content=\"https:\/\/www.facebook.com\/sensihemp.pt\" \/>\n<meta property=\"article:modified_time\" content=\"2025-09-09T15:06:46+00:00\" \/>\n<meta property=\"og:image\" content=\"https:\/\/sensihemp.pt\/wp-content\/uploads\/2025\/09\/Sensihemp_HortasLx_hemp_t-shirt_04-scaled.jpg\" \/>\n\t<meta property=\"og:image:width\" content=\"2048\" \/>\n\t<meta property=\"og:image:height\" content=\"2560\" \/>\n\t<meta property=\"og:image:type\" content=\"image\/jpeg\" \/>\n<meta name=\"twitter:card\" content=\"summary_large_image\" \/>\n<meta name=\"twitter:label1\" content=\"Tempo estimado de leitura\" \/>\n\t<meta name=\"twitter:data1\" content=\"2 minutos\" \/>\n<script type=\"application\/ld+json\" class=\"yoast-schema-graph\">{\"@context\":\"https:\\\/\\\/schema.org\",\"@graph\":[{\"@type\":\"WebPage\",\"@id\":\"https:\\\/\\\/sensihemp.pt\\\/produto\\\/t-shirt-sensihemp-x-hortaslx-em-canhamo\\\/\",\"url\":\"https:\\\/\\\/sensihemp.pt\\\/produto\\\/t-shirt-sensihemp-x-hortaslx-em-canhamo\\\/\",\"name\":\"T-shirt Sensihemp x HortasLx em C\u00e2nhamo - Sensihemp\",\"isPartOf\":{\"@id\":\"https:\\\/\\\/sensihemp.pt\\\/#website\"},\"primaryImageOfPage\":{\"@id\":\"https:\\\/\\\/sensihemp.pt\\\/produto\\\/t-shirt-sensihemp-x-hortaslx-em-canhamo\\\/#primaryimage\"},\"image\":{\"@id\":\"https:\\\/\\\/sensihemp.pt\\\/produto\\\/t-shirt-sensihemp-x-hortaslx-em-canhamo\\\/#primaryimage\"},\"thumbnailUrl\":\"https:\\\/\\\/sensihemp.pt\\\/wp-content\\\/uploads\\\/2025\\\/09\\\/Sensihemp_HortasLx_hemp_t-shirt_04-scaled.jpg\",\"datePublished\":\"2025-09-09T14:32:57+00:00\",\"dateModified\":\"2025-09-09T15:06:46+00:00\",\"breadcrumb\":{\"@id\":\"https:\\\/\\\/sensihemp.pt\\\/produto\\\/t-shirt-sensihemp-x-hortaslx-em-canhamo\\\/#breadcrumb\"},\"inLanguage\":\"pt-PT\",\"potentialAction\":[{\"@type\":\"ReadAction\",\"target\":[\"https:\\\/\\\/sensihemp.pt\\\/produto\\\/t-shirt-sensihemp-x-hortaslx-em-canhamo\\\/\"]}]},{\"@type\":\"ImageObject\",\"inLanguage\":\"pt-PT\",\"@id\":\"https:\\\/\\\/sensihemp.pt\\\/produto\\\/t-shirt-sensihemp-x-hortaslx-em-canhamo\\\/#primaryimage\",\"url\":\"https:\\\/\\\/sensihemp.pt\\\/wp-content\\\/uploads\\\/2025\\\/09\\\/Sensihemp_HortasLx_hemp_t-shirt_04-scaled.jpg\",\"contentUrl\":\"https:\\\/\\\/sensihemp.pt\\\/wp-content\\\/uploads\\\/2025\\\/09\\\/Sensihemp_HortasLx_hemp_t-shirt_04-scaled.jpg\",\"width\":2048,\"height\":2560},{\"@type\":\"BreadcrumbList\",\"@id\":\"https:\\\/\\\/sensihemp.pt\\\/produto\\\/t-shirt-sensihemp-x-hortaslx-em-canhamo\\\/#breadcrumb\",\"itemListElement\":[{\"@type\":\"ListItem\",\"position\":1,\"name\":\"In\u00edcio\",\"item\":\"https:\\\/\\\/sensihemp.pt\\\/\"},{\"@type\":\"ListItem\",\"position\":2,\"name\":\"Shop\",\"item\":\"https:\\\/\\\/sensihemp.pt\\\/shop\\\/\"},{\"@type\":\"ListItem\",\"position\":3,\"name\":\"T-shirt Sensihemp x HortasLx em C\u00e2nhamo\"}]},{\"@type\":\"WebSite\",\"@id\":\"https:\\\/\\\/sensihemp.pt\\\/#website\",\"url\":\"https:\\\/\\\/sensihemp.pt\\\/\",\"name\":\"Sensihemp\",\"description\":\"Regenerative Fashion Brand\",\"publisher\":{\"@id\":\"https:\\\/\\\/sensihemp.pt\\\/#organization\"},\"potentialAction\":[{\"@type\":\"SearchAction\",\"target\":{\"@type\":\"EntryPoint\",\"urlTemplate\":\"https:\\\/\\\/sensihemp.pt\\\/?s={search_term_string}\"},\"query-input\":{\"@type\":\"PropertyValueSpecification\",\"valueRequired\":true,\"valueName\":\"search_term_string\"}}],\"inLanguage\":\"pt-PT\"},{\"@type\":\"Organization\",\"@id\":\"https:\\\/\\\/sensihemp.pt\\\/#organization\",\"name\":\"Sensihemp\",\"url\":\"https:\\\/\\\/sensihemp.pt\\\/\",\"logo\":{\"@type\":\"ImageObject\",\"inLanguage\":\"pt-PT\",\"@id\":\"https:\\\/\\\/sensihemp.pt\\\/#\\\/schema\\\/logo\\\/image\\\/\",\"url\":\"https:\\\/\\\/sensihemp.pt\\\/wp-content\\\/uploads\\\/2023\\\/06\\\/LOGOTIPO_SENSIHEMP_REGISTADA.png\",\"contentUrl\":\"https:\\\/\\\/sensihemp.pt\\\/wp-content\\\/uploads\\\/2023\\\/06\\\/LOGOTIPO_SENSIHEMP_REGISTADA.png\",\"width\":482,\"height\":480,\"caption\":\"Sensihemp\"},\"image\":{\"@id\":\"https:\\\/\\\/sensihemp.pt\\\/#\\\/schema\\\/logo\\\/image\\\/\"},\"sameAs\":[\"https:\\\/\\\/www.facebook.com\\\/sensihemp.pt\",\"https:\\\/\\\/www.instagram.com\\\/sensihemp.pt\"]}]}<\/script>\n<!-- \/ Yoast SEO plugin. -->","yoast_head_json":{"title":"T-shirt Sensihemp x HortasLx em C\u00e2nhamo - Sensihemp","robots":{"index":"index","follow":"follow","max-snippet":"max-snippet:-1","max-image-preview":"max-image-preview:large","max-video-preview":"max-video-preview:-1"},"canonical":"https:\/\/sensihemp.pt\/pt\/produto\/t-shirt-sensihemp-x-hortaslx-em-canhamo\/","og_locale":"pt_PT","og_type":"article","og_title":"T-shirt Sensihemp x HortasLx em C\u00e2nhamo - Sensihemp","og_description":"T-shirt Sensihemp x HortasLx em c\u00e2nhamo e algod\u00e3o org\u00e2nico, feita em Portugal.  Natural, sem tingimentos, sustent\u00e1vel e consciente.  Planta o que vais vestir.","og_url":"https:\/\/sensihemp.pt\/pt\/produto\/t-shirt-sensihemp-x-hortaslx-em-canhamo\/","og_site_name":"Sensihemp","article_publisher":"https:\/\/www.facebook.com\/sensihemp.pt","article_modified_time":"2025-09-09T15:06:46+00:00","og_image":[{"width":2048,"height":2560,"url":"https:\/\/sensihemp.pt\/wp-content\/uploads\/2025\/09\/Sensihemp_HortasLx_hemp_t-shirt_04-scaled.jpg","type":"image\/jpeg"}],"twitter_card":"summary_large_image","twitter_misc":{"Tempo estimado de leitura":"2 minutos"},"schema":{"@context":"https:\/\/schema.org","@graph":[{"@type":"WebPage","@id":"https:\/\/sensihemp.pt\/produto\/t-shirt-sensihemp-x-hortaslx-em-canhamo\/","url":"https:\/\/sensihemp.pt\/produto\/t-shirt-sensihemp-x-hortaslx-em-canhamo\/","name":"T-shirt Sensihemp x HortasLx em C\u00e2nhamo - Sensihemp","isPartOf":{"@id":"https:\/\/sensihemp.pt\/#website"},"primaryImageOfPage":{"@id":"https:\/\/sensihemp.pt\/produto\/t-shirt-sensihemp-x-hortaslx-em-canhamo\/#primaryimage"},"image":{"@id":"https:\/\/sensihemp.pt\/produto\/t-shirt-sensihemp-x-hortaslx-em-canhamo\/#primaryimage"},"thumbnailUrl":"https:\/\/sensihemp.pt\/wp-content\/uploads\/2025\/09\/Sensihemp_HortasLx_hemp_t-shirt_04-scaled.jpg","datePublished":"2025-09-09T14:32:57+00:00","dateModified":"2025-09-09T15:06:46+00:00","breadcrumb":{"@id":"https:\/\/sensihemp.pt\/produto\/t-shirt-sensihemp-x-hortaslx-em-canhamo\/#breadcrumb"},"inLanguage":"pt-PT","potentialAction":[{"@type":"ReadAction","target":["https:\/\/sensihemp.pt\/produto\/t-shirt-sensihemp-x-hortaslx-em-canhamo\/"]}]},{"@type":"ImageObject","inLanguage":"pt-PT","@id":"https:\/\/sensihemp.pt\/produto\/t-shirt-sensihemp-x-hortaslx-em-canhamo\/#primaryimage","url":"https:\/\/sensihemp.pt\/wp-content\/uploads\/2025\/09\/Sensihemp_HortasLx_hemp_t-shirt_04-scaled.jpg","contentUrl":"https:\/\/sensihemp.pt\/wp-content\/uploads\/2025\/09\/Sensihemp_HortasLx_hemp_t-shirt_04-scaled.jpg","width":2048,"height":2560},{"@type":"BreadcrumbList","@id":"https:\/\/sensihemp.pt\/produto\/t-shirt-sensihemp-x-hortaslx-em-canhamo\/#breadcrumb","itemListElement":[{"@type":"ListItem","position":1,"name":"In\u00edcio","item":"https:\/\/sensihemp.pt\/"},{"@type":"ListItem","position":2,"name":"Shop","item":"https:\/\/sensihemp.pt\/shop\/"},{"@type":"ListItem","position":3,"name":"T-shirt Sensihemp x HortasLx em C\u00e2nhamo"}]},{"@type":"WebSite","@id":"https:\/\/sensihemp.pt\/#website","url":"https:\/\/sensihemp.pt\/","name":"Sensihemp","description":"Marca de Moda Regenerativa","publisher":{"@id":"https:\/\/sensihemp.pt\/#organization"},"potentialAction":[{"@type":"SearchAction","target":{"@type":"EntryPoint","urlTemplate":"https:\/\/sensihemp.pt\/?s={search_term_string}"},"query-input":{"@type":"PropertyValueSpecification","valueRequired":true,"valueName":"search_term_string"}}],"inLanguage":"pt-PT"},{"@type":"Organization","@id":"https:\/\/sensihemp.pt\/#organization","name":"Sensihemp","url":"https:\/\/sensihemp.pt\/","logo":{"@type":"ImageObject","inLanguage":"pt-PT","@id":"https:\/\/sensihemp.pt\/#\/schema\/logo\/image\/","url":"https:\/\/sensihemp.pt\/wp-content\/uploads\/2023\/06\/LOGOTIPO_SENSIHEMP_REGISTADA.png","contentUrl":"https:\/\/sensihemp.pt\/wp-content\/uploads\/2023\/06\/LOGOTIPO_SENSIHEMP_REGISTADA.png","width":482,"height":480,"caption":"Sensihemp"},"image":{"@id":"https:\/\/sensihemp.pt\/#\/schema\/logo\/image\/"},"sameAs":["https:\/\/www.facebook.com\/sensihemp.pt","https:\/\/www.instagram.com\/sensihemp.pt"]}]}},"_links":{"self":[{"href":"https:\/\/sensihemp.pt\/pt\/wp-json\/wp\/v2\/product\/5562","targetHints":{"allow":["GET"]}}],"collection":[{"href":"https:\/\/sensihemp.pt\/pt\/wp-json\/wp\/v2\/product"}],"about":[{"href":"https:\/\/sensihemp.pt\/pt\/wp-json\/wp\/v2\/types\/product"}],"replies":[{"embeddable":true,"href":"https:\/\/sensihemp.pt\/pt\/wp-json\/wp\/v2\/comments?post=5562"}],"version-history":[{"count":0,"href":"https:\/\/sensihemp.pt\/pt\/wp-json\/wp\/v2\/product\/5562\/revisions"}],"wp:featuredmedia":[{"embeddable":true,"href":"https:\/\/sensihemp.pt\/pt\/wp-json\/wp\/v2\/media\/5568"}],"wp:attachment":[{"href":"https:\/\/sensihemp.pt\/pt\/wp-json\/wp\/v2\/media?parent=5562"}],"wp:term":[{"taxonomy":"product_brand","embeddable":true,"href":"https:\/\/sensihemp.pt\/pt\/wp-json\/wp\/v2\/product_brand?post=5562"},{"taxonomy":"product_cat","embeddable":true,"href":"https:\/\/sensihemp.pt\/pt\/wp-json\/wp\/v2\/product_cat?post=5562"},{"taxonomy":"product_tag","embeddable":true,"href":"https:\/\/sensihemp.pt\/pt\/wp-json\/wp\/v2\/product_tag?post=5562"}],"curies":[{"name":"wp","href":"https:\/\/api.w.org\/{rel}","templated":true}]}}