{"id":4458,"date":"2023-10-02T08:12:01","date_gmt":"2023-10-02T08:12:01","guid":{"rendered":"https:\/\/sensihemp.pt\/?page_id=4458"},"modified":"2023-10-02T08:13:08","modified_gmt":"2023-10-02T08:13:08","slug":"resolucao-de-conflitos-de-consumo","status":"publish","type":"page","link":"https:\/\/sensihemp.pt\/pt\/resolucao-de-conflitos-de-consumo\/","title":{"rendered":"Resolu\u00e7\u00e3o de Conflitos de Consumo"},"content":{"rendered":"<div data-elementor-type=\"wp-page\" data-elementor-id=\"4458\" class=\"elementor elementor-4458\" data-elementor-post-type=\"page\">\n\t\t\t\t\t\t<section class=\"elementor-section elementor-top-section elementor-element elementor-element-663ccf6a elementor-section-boxed elementor-section-height-default elementor-section-height-default\" data-id=\"663ccf6a\" data-element_type=\"section\" data-e-type=\"section\">\n\t\t\t\t\t\t<div class=\"elementor-container elementor-column-gap-default\">\n\t\t\t\t\t<div class=\"elementor-column elementor-col-100 elementor-top-column elementor-element elementor-element-7fb33a1c\" data-id=\"7fb33a1c\" data-element_type=\"column\" data-e-type=\"column\">\n\t\t\t<div class=\"elementor-widget-wrap elementor-element-populated\">\n\t\t\t\t\t\t<div class=\"elementor-element elementor-element-759dca9 elementor-widget elementor-widget-text-editor\" data-id=\"759dca9\" data-element_type=\"widget\" data-e-type=\"widget\" data-widget_type=\"text-editor.default\">\n\t\t\t\t<div class=\"elementor-widget-container\">\n\t\t\t\t\t\t\t\t\t\n<p>In the event of a dispute, the consumer can resort to one of the following consumer arbitration centers (choose the one that applies to the center's coverage area):<\/p>\n<ul>\n<li><b>CNIACC \u2013 National Center for Information and Arbitration of Consumer Conflicts | Faculty of Law of Universidade Nova de Lisboa Campolide Campus, 1099-032 Lisbon |\u00a0<\/b><a href=\"https:\/\/www.arbitragemdeconsumo.org\/\"><b>https:\/\/www.arbitragemdeconsumo.org<\/b><\/a><\/li>\n<li><b>Consumer Dispute Arbitration Center of the District of Coimbra | Av. Fern\u00e3o Magalh\u00e3es, N\u00ba 240, 1\u00ba, 3000-172 Coimbra |\u00a0<\/b><a href=\"https:\/\/www.centrodearbitragemdecoimbra.com\/\"><b>https:\/\/www.centrodearbitragemdecoimbra.com<\/b><\/a><\/li>\n<\/ul>\n<p>(Article 18, Law n\u00ba 144\/2015, of September 8) | More information on the consumer portal:\u00a0<a href=\"https:\/\/www.consumidor.pt\/\">www.consumidor.pt<\/a><\/p>\n\t\t\t\t\t\t\t\t<\/div>\n\t\t\t\t<\/div>\n\t\t\t\t\t<\/div>\n\t\t<\/div>\n\t\t\t\t\t<\/div>\n\t\t<\/section>\n\t\t\t\t<\/div>","protected":false},"excerpt":{"rendered":"<p>Em caso de lit\u00edgio o consumidor pode recorrer a um dos centros de arbitragem do consumo que seguem (escolher o que se aplica \u00e0 \u00e1rea de abrang\u00eancia do centro) :&hellip;<\/p>","protected":false},"author":1,"featured_media":0,"parent":0,"menu_order":0,"comment_status":"closed","ping_status":"closed","template":"","meta":{"footnotes":""},"class_list":["post-4458","page","type-page","status-publish","hentry"],"yoast_head":"<!-- This site is optimized with the Yoast SEO plugin v27.3 - https:\/\/yoast.com\/product\/yoast-seo-wordpress\/ -->\n<title>Resolu\u00e7\u00e3o de Conflitos de Consumo - Sensihemp<\/title>\n<meta name=\"robots\" content=\"index, follow, max-snippet:-1, max-image-preview:large, max-video-preview:-1\" \/>\n<link rel=\"canonical\" href=\"https:\/\/sensihemp.pt\/pt\/resolucao-de-conflitos-de-consumo\/\" \/>\n<meta property=\"og:locale\" content=\"pt_PT\" \/>\n<meta property=\"og:type\" content=\"article\" \/>\n<meta property=\"og:title\" content=\"Resolu\u00e7\u00e3o de Conflitos de Consumo - Sensihemp\" \/>\n<meta property=\"og:description\" content=\"Em caso de lit\u00edgio o consumidor pode recorrer a um dos centros de arbitragem do consumo que seguem (escolher o que se aplica \u00e0 \u00e1rea de abrang\u00eancia do centro) :&hellip;\" \/>\n<meta property=\"og:url\" content=\"https:\/\/sensihemp.pt\/pt\/resolucao-de-conflitos-de-consumo\/\" \/>\n<meta property=\"og:site_name\" content=\"Sensihemp\" \/>\n<meta property=\"article:publisher\" content=\"https:\/\/www.facebook.com\/sensihemp.pt\" \/>\n<meta property=\"article:modified_time\" content=\"2023-10-02T08:13:08+00:00\" \/>\n<meta name=\"twitter:card\" content=\"summary_large_image\" \/>\n<script type=\"application\/ld+json\" class=\"yoast-schema-graph\">{\"@context\":\"https:\\\/\\\/schema.org\",\"@graph\":[{\"@type\":\"WebPage\",\"@id\":\"https:\\\/\\\/sensihemp.pt\\\/resolucao-de-conflitos-de-consumo\\\/\",\"url\":\"https:\\\/\\\/sensihemp.pt\\\/resolucao-de-conflitos-de-consumo\\\/\",\"name\":\"Resolu\u00e7\u00e3o de Conflitos de Consumo - Sensihemp\",\"isPartOf\":{\"@id\":\"https:\\\/\\\/sensihemp.pt\\\/#website\"},\"datePublished\":\"2023-10-02T08:12:01+00:00\",\"dateModified\":\"2023-10-02T08:13:08+00:00\",\"breadcrumb\":{\"@id\":\"https:\\\/\\\/sensihemp.pt\\\/resolucao-de-conflitos-de-consumo\\\/#breadcrumb\"},\"inLanguage\":\"pt-PT\",\"potentialAction\":[{\"@type\":\"ReadAction\",\"target\":[\"https:\\\/\\\/sensihemp.pt\\\/resolucao-de-conflitos-de-consumo\\\/\"]}]},{\"@type\":\"BreadcrumbList\",\"@id\":\"https:\\\/\\\/sensihemp.pt\\\/resolucao-de-conflitos-de-consumo\\\/#breadcrumb\",\"itemListElement\":[{\"@type\":\"ListItem\",\"position\":1,\"name\":\"In\u00edcio\",\"item\":\"https:\\\/\\\/sensihemp.pt\\\/\"},{\"@type\":\"ListItem\",\"position\":2,\"name\":\"Resolu\u00e7\u00e3o de Conflitos de Consumo\"}]},{\"@type\":\"WebSite\",\"@id\":\"https:\\\/\\\/sensihemp.pt\\\/#website\",\"url\":\"https:\\\/\\\/sensihemp.pt\\\/\",\"name\":\"Sensihemp\",\"description\":\"Regenerative Fashion Brand\",\"publisher\":{\"@id\":\"https:\\\/\\\/sensihemp.pt\\\/#organization\"},\"potentialAction\":[{\"@type\":\"SearchAction\",\"target\":{\"@type\":\"EntryPoint\",\"urlTemplate\":\"https:\\\/\\\/sensihemp.pt\\\/?s={search_term_string}\"},\"query-input\":{\"@type\":\"PropertyValueSpecification\",\"valueRequired\":true,\"valueName\":\"search_term_string\"}}],\"inLanguage\":\"pt-PT\"},{\"@type\":\"Organization\",\"@id\":\"https:\\\/\\\/sensihemp.pt\\\/#organization\",\"name\":\"Sensihemp\",\"url\":\"https:\\\/\\\/sensihemp.pt\\\/\",\"logo\":{\"@type\":\"ImageObject\",\"inLanguage\":\"pt-PT\",\"@id\":\"https:\\\/\\\/sensihemp.pt\\\/#\\\/schema\\\/logo\\\/image\\\/\",\"url\":\"https:\\\/\\\/sensihemp.pt\\\/wp-content\\\/uploads\\\/2023\\\/06\\\/LOGOTIPO_SENSIHEMP_REGISTADA.png\",\"contentUrl\":\"https:\\\/\\\/sensihemp.pt\\\/wp-content\\\/uploads\\\/2023\\\/06\\\/LOGOTIPO_SENSIHEMP_REGISTADA.png\",\"width\":482,\"height\":480,\"caption\":\"Sensihemp\"},\"image\":{\"@id\":\"https:\\\/\\\/sensihemp.pt\\\/#\\\/schema\\\/logo\\\/image\\\/\"},\"sameAs\":[\"https:\\\/\\\/www.facebook.com\\\/sensihemp.pt\",\"https:\\\/\\\/www.instagram.com\\\/sensihemp.pt\"]}]}<\/script>\n<!-- \/ Yoast SEO plugin. -->","yoast_head_json":{"title":"Resolu\u00e7\u00e3o de Conflitos de Consumo - Sensihemp","robots":{"index":"index","follow":"follow","max-snippet":"max-snippet:-1","max-image-preview":"max-image-preview:large","max-video-preview":"max-video-preview:-1"},"canonical":"https:\/\/sensihemp.pt\/pt\/resolucao-de-conflitos-de-consumo\/","og_locale":"pt_PT","og_type":"article","og_title":"Resolu\u00e7\u00e3o de Conflitos de Consumo - Sensihemp","og_description":"Em caso de lit\u00edgio o consumidor pode recorrer a um dos centros de arbitragem do consumo que seguem (escolher o que se aplica \u00e0 \u00e1rea de abrang\u00eancia do centro) :&hellip;","og_url":"https:\/\/sensihemp.pt\/pt\/resolucao-de-conflitos-de-consumo\/","og_site_name":"Sensihemp","article_publisher":"https:\/\/www.facebook.com\/sensihemp.pt","article_modified_time":"2023-10-02T08:13:08+00:00","twitter_card":"summary_large_image","schema":{"@context":"https:\/\/schema.org","@graph":[{"@type":"WebPage","@id":"https:\/\/sensihemp.pt\/resolucao-de-conflitos-de-consumo\/","url":"https:\/\/sensihemp.pt\/resolucao-de-conflitos-de-consumo\/","name":"Resolu\u00e7\u00e3o de Conflitos de Consumo - Sensihemp","isPartOf":{"@id":"https:\/\/sensihemp.pt\/#website"},"datePublished":"2023-10-02T08:12:01+00:00","dateModified":"2023-10-02T08:13:08+00:00","breadcrumb":{"@id":"https:\/\/sensihemp.pt\/resolucao-de-conflitos-de-consumo\/#breadcrumb"},"inLanguage":"pt-PT","potentialAction":[{"@type":"ReadAction","target":["https:\/\/sensihemp.pt\/resolucao-de-conflitos-de-consumo\/"]}]},{"@type":"BreadcrumbList","@id":"https:\/\/sensihemp.pt\/resolucao-de-conflitos-de-consumo\/#breadcrumb","itemListElement":[{"@type":"ListItem","position":1,"name":"In\u00edcio","item":"https:\/\/sensihemp.pt\/"},{"@type":"ListItem","position":2,"name":"Resolu\u00e7\u00e3o de Conflitos de Consumo"}]},{"@type":"WebSite","@id":"https:\/\/sensihemp.pt\/#website","url":"https:\/\/sensihemp.pt\/","name":"Sensihemp","description":"Marca de Moda Regenerativa","publisher":{"@id":"https:\/\/sensihemp.pt\/#organization"},"potentialAction":[{"@type":"SearchAction","target":{"@type":"EntryPoint","urlTemplate":"https:\/\/sensihemp.pt\/?s={search_term_string}"},"query-input":{"@type":"PropertyValueSpecification","valueRequired":true,"valueName":"search_term_string"}}],"inLanguage":"pt-PT"},{"@type":"Organization","@id":"https:\/\/sensihemp.pt\/#organization","name":"Sensihemp","url":"https:\/\/sensihemp.pt\/","logo":{"@type":"ImageObject","inLanguage":"pt-PT","@id":"https:\/\/sensihemp.pt\/#\/schema\/logo\/image\/","url":"https:\/\/sensihemp.pt\/wp-content\/uploads\/2023\/06\/LOGOTIPO_SENSIHEMP_REGISTADA.png","contentUrl":"https:\/\/sensihemp.pt\/wp-content\/uploads\/2023\/06\/LOGOTIPO_SENSIHEMP_REGISTADA.png","width":482,"height":480,"caption":"Sensihemp"},"image":{"@id":"https:\/\/sensihemp.pt\/#\/schema\/logo\/image\/"},"sameAs":["https:\/\/www.facebook.com\/sensihemp.pt","https:\/\/www.instagram.com\/sensihemp.pt"]}]}},"_links":{"self":[{"href":"https:\/\/sensihemp.pt\/pt\/wp-json\/wp\/v2\/pages\/4458","targetHints":{"allow":["GET"]}}],"collection":[{"href":"https:\/\/sensihemp.pt\/pt\/wp-json\/wp\/v2\/pages"}],"about":[{"href":"https:\/\/sensihemp.pt\/pt\/wp-json\/wp\/v2\/types\/page"}],"author":[{"embeddable":true,"href":"https:\/\/sensihemp.pt\/pt\/wp-json\/wp\/v2\/users\/1"}],"replies":[{"embeddable":true,"href":"https:\/\/sensihemp.pt\/pt\/wp-json\/wp\/v2\/comments?post=4458"}],"version-history":[{"count":0,"href":"https:\/\/sensihemp.pt\/pt\/wp-json\/wp\/v2\/pages\/4458\/revisions"}],"wp:attachment":[{"href":"https:\/\/sensihemp.pt\/pt\/wp-json\/wp\/v2\/media?parent=4458"}],"curies":[{"name":"wp","href":"https:\/\/api.w.org\/{rel}","templated":true}]}}